{"id":332,"date":"2026-02-23T12:52:02","date_gmt":"2026-02-23T11:52:02","guid":{"rendered":"https:\/\/inaki.depimtajamar.es\/?post_type=product&#038;p=332"},"modified":"2026-04-17T00:47:42","modified_gmt":"2026-04-16T22:47:42","slug":"vino-lunae","status":"publish","type":"product","link":"https:\/\/inaki.depimtajamar.es\/index.php\/producto\/vino-lunae\/","title":{"rendered":"Vino Lunae"},"content":{"rendered":"<p>Nuestro nuevo vino <em>LUNAE.<\/em><\/p>\n<article class=\"text-token-text-primary w-full focus:outline-none [--shadow-height:45px] has-data-writing-block:pointer-events-none has-data-writing-block:-mt-(--shadow-height) has-data-writing-block:pt-(--shadow-height) [&amp;:has([data-writing-block])&gt;*]:pointer-events-auto scroll-mt-(--header-height)\" dir=\"auto\" tabindex=\"-1\" data-turn-id=\"21cab3b0-9f0b-4bbe-b690-ad2c317ad73a\" data-testid=\"conversation-turn-47\" data-scroll-anchor=\"false\" data-turn=\"user\"><\/article>\n<article class=\"text-token-text-primary w-full focus:outline-none [--shadow-height:45px] has-data-writing-block:pointer-events-none has-data-writing-block:-mt-(--shadow-height) has-data-writing-block:pt-(--shadow-height) [&amp;:has([data-writing-block])&gt;*]:pointer-events-auto scroll-mt-[calc(var(--header-height)+min(200px,max(70px,20svh)))]\" dir=\"auto\" tabindex=\"-1\" data-turn-id=\"request-69131603-7c78-832c-835d-516ff4382a20-0\" data-testid=\"conversation-turn-48\" data-scroll-anchor=\"true\" data-turn=\"assistant\">\n<div class=\"text-base my-auto mx-auto pb-10 [--thread-content-margin:--spacing(4)] @w-sm\/main:[--thread-content-margin:--spacing(6)] @w-lg\/main:[--thread-content-margin:--spacing(16)] px-(--thread-content-margin)\">\n<div class=\"[--thread-content-max-width:40rem] @w-lg\/main:[--thread-content-max-width:48rem] mx-auto max-w-(--thread-content-max-width) flex-1 group\/turn-messages focus-visible:outline-hidden relative flex w-full min-w-0 flex-col agent-turn\" tabindex=\"-1\">\n<div class=\"flex max-w-full flex-col grow\">\n<div class=\"min-h-8 text-message relative flex w-full flex-col items-end gap-2 text-start break-words whitespace-normal [.text-message+&amp;]:mt-1\" dir=\"auto\" data-message-author-role=\"assistant\" data-message-id=\"03ba27ec-1b7c-4e74-8b5f-b26149be31b1\" data-message-model-slug=\"gpt-5-2\">\n<div class=\"flex w-full flex-col gap-1 empty:hidden first:pt-[1px]\">\n<div class=\"markdown prose dark:prose-invert w-full wrap-break-word light markdown-new-styling\">\n<p data-start=\"0\" data-end=\"309\"><em>LUNAE<\/em> es la m\u00e1xima expresi\u00f3n del car\u00e1cter de <strong data-start=\"49\" data-end=\"70\" data-is-only-node=\"\">Bodegas Iribarren<\/strong>. De intenso color rojo, evocador de un eclipse de luna, este vino destaca por su elegancia y profundidad. En nariz despliega aromas de frutos rojos maduros con delicadas notas de vainilla y especias procedentes de su crianza en barrica.<\/p>\n<p data-start=\"311\" data-end=\"555\" data-is-last-node=\"\" data-is-only-node=\"\">En boca es equilibrado, envolvente y de taninos suaves, con un final persistente que invita a seguir disfrut\u00e1ndolo. Un vino con personalidad, ideal para acompa\u00f1ar carnes, quesos curados o para convertir cualquier ocasi\u00f3n en un momento especial.<\/p>\n<\/div>\n<\/div>\n<\/div>\n<\/div>\n<\/div>\n<\/div>\n<\/article>\n","protected":false},"excerpt":{"rendered":"<p><em>LUNAE<\/em> es la m\u00e1xima expresi\u00f3n del car\u00e1cter de <strong data-start=\"49\" data-end=\"70\" data-is-only-node=\"\">Bodegas Iribarren<\/strong>. De intenso color rojo, evocador de un eclipse de luna, este vino destaca por su elegancia y profundidad. En nariz despliega aromas de frutos rojos maduros con delicadas notas de vainilla y especias procedentes de su crianza en barrica.<\/p>\n","protected":false},"featured_media":333,"comment_status":"open","ping_status":"closed","template":"","meta":{"zakra_page_container_layout":"customizer","zakra_page_sidebar_layout":"customizer","zakra_remove_content_margin":false,"zakra_sidebar":"customizer","zakra_transparent_header":"customizer","zakra_logo":0,"zakra_main_header_style":"default","zakra_menu_item_color":"","zakra_menu_item_hover_color":"","zakra_menu_item_active_color":"","zakra_menu_active_style":"","zakra_page_header":true},"product_brand":[26],"product_cat":[25],"product_tag":[28,27],"class_list":{"0":"post-332","1":"product","2":"type-product","3":"status-publish","4":"has-post-thumbnail","6":"product_brand-lunae","7":"product_cat-rioja","8":"product_tag-rioja","9":"product_tag-vino","11":"first","12":"instock","13":"sale","14":"shipping-taxable","15":"purchasable","16":"product-type-simple"},"yoast_head":"<!-- This site is optimized with the Yoast SEO plugin v27.4 - https:\/\/yoast.com\/product\/yoast-seo-wordpress\/ -->\n<title>Vino Lunae - Bodegas Iribarren<\/title>\n<meta name=\"description\" content=\"LUNAE es la m\u00e1xima expresi\u00f3n del car\u00e1cter de Bodegas Iribarren. De intenso color rojo, evocador de un eclipse de luna, este vino destaca por su elegancia y profundidad. En nariz despliega aromas de frutos rojos maduros con delicadas notas de vainilla y especias procedentes de su crianza en barrica.\" \/>\n<meta name=\"robots\" content=\"index, follow, max-snippet:-1, max-image-preview:large, max-video-preview:-1\" \/>\n<link rel=\"canonical\" href=\"https:\/\/inaki.depimtajamar.es\/index.php\/producto\/vino-lunae\/\" \/>\n<meta property=\"og:locale\" content=\"es_ES\" \/>\n<meta property=\"og:type\" content=\"article\" \/>\n<meta property=\"og:title\" content=\"Vino Lunae - Bodegas Iribarren\" \/>\n<meta property=\"og:description\" content=\"LUNAE es la m\u00e1xima expresi\u00f3n del car\u00e1cter de Bodegas Iribarren. De intenso color rojo, evocador de un eclipse de luna, este vino destaca por su elegancia y profundidad. En nariz despliega aromas de frutos rojos maduros con delicadas notas de vainilla y especias procedentes de su crianza en barrica.\" \/>\n<meta property=\"og:url\" content=\"https:\/\/inaki.depimtajamar.es\/index.php\/producto\/vino-lunae\/\" \/>\n<meta property=\"og:site_name\" content=\"Bodegas Iribarren\" \/>\n<meta property=\"article:modified_time\" content=\"2026-04-16T22:47:42+00:00\" \/>\n<meta property=\"og:image\" content=\"https:\/\/inaki.depimtajamar.es\/wp-content\/uploads\/2026\/02\/mockupsito.png\" \/>\n\t<meta property=\"og:image:width\" content=\"1920\" \/>\n\t<meta property=\"og:image:height\" content=\"1536\" \/>\n\t<meta property=\"og:image:type\" content=\"image\/png\" \/>\n<meta name=\"twitter:card\" content=\"summary_large_image\" \/>\n<meta name=\"twitter:label1\" content=\"Tiempo de lectura\" \/>\n\t<meta name=\"twitter:data1\" content=\"1 minuto\" \/>\n<script type=\"application\/ld+json\" class=\"yoast-schema-graph\">{\"@context\":\"https:\\\/\\\/schema.org\",\"@graph\":[{\"@type\":\"WebPage\",\"@id\":\"https:\\\/\\\/inaki.depimtajamar.es\\\/index.php\\\/producto\\\/vino-lunae\\\/\",\"url\":\"https:\\\/\\\/inaki.depimtajamar.es\\\/index.php\\\/producto\\\/vino-lunae\\\/\",\"name\":\"Vino Lunae - Bodegas Iribarren\",\"isPartOf\":{\"@id\":\"https:\\\/\\\/inaki.depimtajamar.es\\\/#website\"},\"primaryImageOfPage\":{\"@id\":\"https:\\\/\\\/inaki.depimtajamar.es\\\/index.php\\\/producto\\\/vino-lunae\\\/#primaryimage\"},\"image\":{\"@id\":\"https:\\\/\\\/inaki.depimtajamar.es\\\/index.php\\\/producto\\\/vino-lunae\\\/#primaryimage\"},\"thumbnailUrl\":\"https:\\\/\\\/inaki.depimtajamar.es\\\/wp-content\\\/uploads\\\/2026\\\/02\\\/mockupsito.png\",\"datePublished\":\"2026-02-23T11:52:02+00:00\",\"dateModified\":\"2026-04-16T22:47:42+00:00\",\"description\":\"LUNAE es la m\u00e1xima expresi\u00f3n del car\u00e1cter de Bodegas Iribarren. De intenso color rojo, evocador de un eclipse de luna, este vino destaca por su elegancia y profundidad. En nariz despliega aromas de frutos rojos maduros con delicadas notas de vainilla y especias procedentes de su crianza en barrica.\",\"breadcrumb\":{\"@id\":\"https:\\\/\\\/inaki.depimtajamar.es\\\/index.php\\\/producto\\\/vino-lunae\\\/#breadcrumb\"},\"inLanguage\":\"es\",\"potentialAction\":[{\"@type\":\"ReadAction\",\"target\":[\"https:\\\/\\\/inaki.depimtajamar.es\\\/index.php\\\/producto\\\/vino-lunae\\\/\"]}]},{\"@type\":\"ImageObject\",\"inLanguage\":\"es\",\"@id\":\"https:\\\/\\\/inaki.depimtajamar.es\\\/index.php\\\/producto\\\/vino-lunae\\\/#primaryimage\",\"url\":\"https:\\\/\\\/inaki.depimtajamar.es\\\/wp-content\\\/uploads\\\/2026\\\/02\\\/mockupsito.png\",\"contentUrl\":\"https:\\\/\\\/inaki.depimtajamar.es\\\/wp-content\\\/uploads\\\/2026\\\/02\\\/mockupsito.png\",\"width\":1920,\"height\":1536},{\"@type\":\"BreadcrumbList\",\"@id\":\"https:\\\/\\\/inaki.depimtajamar.es\\\/index.php\\\/producto\\\/vino-lunae\\\/#breadcrumb\",\"itemListElement\":[{\"@type\":\"ListItem\",\"position\":1,\"name\":\"Portada\",\"item\":\"https:\\\/\\\/inaki.depimtajamar.es\\\/\"},{\"@type\":\"ListItem\",\"position\":2,\"name\":\"Productos\",\"item\":\"https:\\\/\\\/inaki.depimtajamar.es\\\/index.php\\\/shop\\\/\"},{\"@type\":\"ListItem\",\"position\":3,\"name\":\"Vino Lunae\"}]},{\"@type\":\"WebSite\",\"@id\":\"https:\\\/\\\/inaki.depimtajamar.es\\\/#website\",\"url\":\"https:\\\/\\\/inaki.depimtajamar.es\\\/\",\"name\":\"Bodegas Iribarren\",\"description\":\"P\u00e1gina oficial de las Bodegas Iribarren\",\"potentialAction\":[{\"@type\":\"SearchAction\",\"target\":{\"@type\":\"EntryPoint\",\"urlTemplate\":\"https:\\\/\\\/inaki.depimtajamar.es\\\/?s={search_term_string}\"},\"query-input\":{\"@type\":\"PropertyValueSpecification\",\"valueRequired\":true,\"valueName\":\"search_term_string\"}}],\"inLanguage\":\"es\"}]}<\/script>\n<!-- \/ Yoast SEO plugin. -->","yoast_head_json":{"title":"Vino Lunae - Bodegas Iribarren","description":"LUNAE es la m\u00e1xima expresi\u00f3n del car\u00e1cter de Bodegas Iribarren. De intenso color rojo, evocador de un eclipse de luna, este vino destaca por su elegancia y profundidad. En nariz despliega aromas de frutos rojos maduros con delicadas notas de vainilla y especias procedentes de su crianza en barrica.","robots":{"index":"index","follow":"follow","max-snippet":"max-snippet:-1","max-image-preview":"max-image-preview:large","max-video-preview":"max-video-preview:-1"},"canonical":"https:\/\/inaki.depimtajamar.es\/index.php\/producto\/vino-lunae\/","og_locale":"es_ES","og_type":"article","og_title":"Vino Lunae - Bodegas Iribarren","og_description":"LUNAE es la m\u00e1xima expresi\u00f3n del car\u00e1cter de Bodegas Iribarren. De intenso color rojo, evocador de un eclipse de luna, este vino destaca por su elegancia y profundidad. En nariz despliega aromas de frutos rojos maduros con delicadas notas de vainilla y especias procedentes de su crianza en barrica.","og_url":"https:\/\/inaki.depimtajamar.es\/index.php\/producto\/vino-lunae\/","og_site_name":"Bodegas Iribarren","article_modified_time":"2026-04-16T22:47:42+00:00","og_image":[{"width":1920,"height":1536,"url":"https:\/\/inaki.depimtajamar.es\/wp-content\/uploads\/2026\/02\/mockupsito.png","type":"image\/png"}],"twitter_card":"summary_large_image","twitter_misc":{"Tiempo de lectura":"1 minuto"},"schema":{"@context":"https:\/\/schema.org","@graph":[{"@type":"WebPage","@id":"https:\/\/inaki.depimtajamar.es\/index.php\/producto\/vino-lunae\/","url":"https:\/\/inaki.depimtajamar.es\/index.php\/producto\/vino-lunae\/","name":"Vino Lunae - Bodegas Iribarren","isPartOf":{"@id":"https:\/\/inaki.depimtajamar.es\/#website"},"primaryImageOfPage":{"@id":"https:\/\/inaki.depimtajamar.es\/index.php\/producto\/vino-lunae\/#primaryimage"},"image":{"@id":"https:\/\/inaki.depimtajamar.es\/index.php\/producto\/vino-lunae\/#primaryimage"},"thumbnailUrl":"https:\/\/inaki.depimtajamar.es\/wp-content\/uploads\/2026\/02\/mockupsito.png","datePublished":"2026-02-23T11:52:02+00:00","dateModified":"2026-04-16T22:47:42+00:00","description":"LUNAE es la m\u00e1xima expresi\u00f3n del car\u00e1cter de Bodegas Iribarren. De intenso color rojo, evocador de un eclipse de luna, este vino destaca por su elegancia y profundidad. En nariz despliega aromas de frutos rojos maduros con delicadas notas de vainilla y especias procedentes de su crianza en barrica.","breadcrumb":{"@id":"https:\/\/inaki.depimtajamar.es\/index.php\/producto\/vino-lunae\/#breadcrumb"},"inLanguage":"es","potentialAction":[{"@type":"ReadAction","target":["https:\/\/inaki.depimtajamar.es\/index.php\/producto\/vino-lunae\/"]}]},{"@type":"ImageObject","inLanguage":"es","@id":"https:\/\/inaki.depimtajamar.es\/index.php\/producto\/vino-lunae\/#primaryimage","url":"https:\/\/inaki.depimtajamar.es\/wp-content\/uploads\/2026\/02\/mockupsito.png","contentUrl":"https:\/\/inaki.depimtajamar.es\/wp-content\/uploads\/2026\/02\/mockupsito.png","width":1920,"height":1536},{"@type":"BreadcrumbList","@id":"https:\/\/inaki.depimtajamar.es\/index.php\/producto\/vino-lunae\/#breadcrumb","itemListElement":[{"@type":"ListItem","position":1,"name":"Portada","item":"https:\/\/inaki.depimtajamar.es\/"},{"@type":"ListItem","position":2,"name":"Productos","item":"https:\/\/inaki.depimtajamar.es\/index.php\/shop\/"},{"@type":"ListItem","position":3,"name":"Vino Lunae"}]},{"@type":"WebSite","@id":"https:\/\/inaki.depimtajamar.es\/#website","url":"https:\/\/inaki.depimtajamar.es\/","name":"Bodegas Iribarren","description":"P\u00e1gina oficial de las Bodegas Iribarren","potentialAction":[{"@type":"SearchAction","target":{"@type":"EntryPoint","urlTemplate":"https:\/\/inaki.depimtajamar.es\/?s={search_term_string}"},"query-input":{"@type":"PropertyValueSpecification","valueRequired":true,"valueName":"search_term_string"}}],"inLanguage":"es"}]}},"jetpack_sharing_enabled":true,"_links":{"self":[{"href":"https:\/\/inaki.depimtajamar.es\/index.php\/wp-json\/wp\/v2\/product\/332","targetHints":{"allow":["GET"]}}],"collection":[{"href":"https:\/\/inaki.depimtajamar.es\/index.php\/wp-json\/wp\/v2\/product"}],"about":[{"href":"https:\/\/inaki.depimtajamar.es\/index.php\/wp-json\/wp\/v2\/types\/product"}],"replies":[{"embeddable":true,"href":"https:\/\/inaki.depimtajamar.es\/index.php\/wp-json\/wp\/v2\/comments?post=332"}],"wp:featuredmedia":[{"embeddable":true,"href":"https:\/\/inaki.depimtajamar.es\/index.php\/wp-json\/wp\/v2\/media\/333"}],"wp:attachment":[{"href":"https:\/\/inaki.depimtajamar.es\/index.php\/wp-json\/wp\/v2\/media?parent=332"}],"wp:term":[{"taxonomy":"product_brand","embeddable":true,"href":"https:\/\/inaki.depimtajamar.es\/index.php\/wp-json\/wp\/v2\/product_brand?post=332"},{"taxonomy":"product_cat","embeddable":true,"href":"https:\/\/inaki.depimtajamar.es\/index.php\/wp-json\/wp\/v2\/product_cat?post=332"},{"taxonomy":"product_tag","embeddable":true,"href":"https:\/\/inaki.depimtajamar.es\/index.php\/wp-json\/wp\/v2\/product_tag?post=332"}],"curies":[{"name":"wp","href":"https:\/\/api.w.org\/{rel}","templated":true}]}}